{"id":86,"date":"2012-05-20T20:50:48","date_gmt":"2012-05-20T20:50:48","guid":{"rendered":"http:\/\/miakarlsson.me\/wp\/?page_id=86"},"modified":"2012-10-19T17:04:52","modified_gmt":"2012-10-19T16:04:52","slug":"sponsors-2","status":"publish","type":"page","link":"http:\/\/miakarlsson.me\/wp\/?page_id=86","title":{"rendered":"Sponsors"},"content":{"rendered":"<p>Behind success, there is support\/sponsors. I&#8217;m always trying to find sponsors whom are interested in being a part of my success, support me and build up a cooperation where there&#8217;s a &#8220;win-win situation&#8221; for the two parts. If you are interested, don&#8217;t hesitate to contact me.<\/p>\n<p><!--more--><\/p>\n<p>Alla framg\u00e5ngar beh\u00f6ver sponsorer f\u00f6r att lyckas. Jag letar alltid efter fler sponsorer som vill synas i media d\u00e5 jag ofta f\u00f6rekommer ofta i media och de som \u00e4r intresserade av att vara en del av min elitsatsning. Om du skulle vara intresserad s\u00e5 kontakta mig.<\/p>\n<p>&nbsp;<\/p>\n","protected":false},"excerpt":{"rendered":"<p>Behind success, there is support\/sponsors. I&#8217;m always trying to find sponsors whom are interested in being a part of my success, support me and build up a cooperation where there&#8217;s a &#8220;win-win situation&#8221; for the two parts. If you are interested, don&#8217;t hesitate to contact me.<\/p>\n","protected":false},"author":1,"featured_media":0,"parent":0,"menu_order":2,"comment_status":"open","ping_status":"open","template":"page-full.php","meta":[],"_links":{"self":[{"href":"http:\/\/miakarlsson.me\/wp\/index.php?rest_route=\/wp\/v2\/pages\/86"}],"collection":[{"href":"http:\/\/miakarlsson.me\/wp\/index.php?rest_route=\/wp\/v2\/pages"}],"about":[{"href":"http:\/\/miakarlsson.me\/wp\/index.php?rest_route=\/wp\/v2\/types\/page"}],"author":[{"embeddable":true,"href":"http:\/\/miakarlsson.me\/wp\/index.php?rest_route=\/wp\/v2\/users\/1"}],"replies":[{"embeddable":true,"href":"http:\/\/miakarlsson.me\/wp\/index.php?rest_route=%2Fwp%2Fv2%2Fcomments&post=86"}],"version-history":[{"count":13,"href":"http:\/\/miakarlsson.me\/wp\/index.php?rest_route=\/wp\/v2\/pages\/86\/revisions"}],"predecessor-version":[{"id":277,"href":"http:\/\/miakarlsson.me\/wp\/index.php?rest_route=\/wp\/v2\/pages\/86\/revisions\/277"}],"wp:attachment":[{"href":"http:\/\/miakarlsson.me\/wp\/index.php?rest_route=%2Fwp%2Fv2%2Fmedia&parent=86"}],"curies":[{"name":"wp","href":"https:\/\/api.w.org\/{rel}","templated":true}]}}